{"id":23939,"date":"2023-01-20T09:16:12","date_gmt":"2023-01-20T08:16:12","guid":{"rendered":"https:\/\/4cr.com\/?post_type=product&#038;p=23939"},"modified":"2023-01-20T09:22:08","modified_gmt":"2023-01-20T08:22:08","slug":"7240-air-dry-clearcoat","status":"publish","type":"product","link":"https:\/\/4cr.com\/de\/product\/lackieren\/7240-air-dry-clearcoat\/","title":{"rendered":"7240  <br> Air Dry Klarlack"},"content":{"rendered":"","protected":false},"excerpt":{"rendered":"<p class=\"p1\">\n            <span data-sheets-value=\"{\"1\":2,\"2\":\"4CR Air Dry is a high-quality clearcoat for fast and efficient refinishing (express technology), does not require oven drying. Cures very quickly at a room temperature of 20\u00b0 C and can be polished after only approx. 60 minutes. With 7240 HS Air Dry, large savings are possible by eliminating heating-related costs. To be mixed in 1:1 ration with 4CR 0418 Express hardener\"}\" data-sheets-userformat=\"{\"2\":15359,\"3\":{\"1\":1},\"4\":{\"1\":2,\"2\":16777215},\"5\":{\"1\":[{\"1\":2,\"2\":0,\"5\":{\"1\":2,\"2\":0}},{\"1\":0,\"2\":0,\"3\":3},{\"1\":1,\"2\":0,\"4\":1}]},\"6\":{\"1\":[{\"1\":2,\"2\":0,\"5\":{\"1\":2,\"2\":0}},{\"1\":0,\"2\":0,\"3\":3},{\"1\":1,\"2\":0,\"4\":1}]},\"7\":{\"1\":[{\"1\":2,\"2\":0,\"5\":{\"1\":2,\"2\":0}},{\"1\":0,\"2\":0,\"3\":3},{\"1\":1,\"2\":0,\"4\":1}]},\"8\":{\"1\":[{\"1\":2,\"2\":0,\"5\":{\"1\":2,\"2\":0}},{\"1\":0,\"2\":0,\"3\":3},{\"1\":1,\"2\":0,\"4\":1}]},\"9\":0,\"10\":1,\"11\":4,\"12\":0,\"14\":{\"1\":2,\"2\":0},\"15\":\"Tahoma\",\"16\":10}\">4CR Air Dry HS Klarlack ist ein effizienter Klarlack fu\u0308r beschleunigte Reparaturlackierungen. Die Express- Technologie erlaubt neue M\u00f6glichkeiten zeitgem\u00e4\u00dfer Anspr\u00fcche. Bedeutend k\u00fcrzere Trockenzeiten, Polierbar bereits nach 60 Minuten bei 20\u00b0C. Gro\u00dfe Energieeinsparung durch Entfallen des Heizintervalls und beschleunigter Arbeitsdurchl\u00e4ufe aufgrund verk\u00fcrzter Trockenzeiten. H\u00e4rter f\u00fcr die Verarbeitung in 1:1 Mischverh\u00e4ltnis ist der 4CR 0418 Express H\u00e4rter    <\/span>\n          <\/p>\n","protected":false},"featured_media":23942,"comment_status":"closed","ping_status":"closed","template":"","meta":{"inline_featured_image":false},"product_brand":[],"product_cat":[107],"product_tag":[],"class_list":{"0":"post-23939","1":"product","2":"type-product","3":"status-publish","4":"has-post-thumbnail","6":"product_cat-lackieren","8":"first","9":"instock","10":"shipping-taxable","11":"product-type-external"},"yoast_head":"<!-- This site is optimized with the Yoast SEO Premium plugin v18.3 (Yoast SEO v26.8) - https:\/\/yoast.com\/product\/yoast-seo-premium-wordpress\/ -->\n<title>7240  Air Dry Klarlack - 4CR<\/title>\n<meta name=\"robots\" content=\"index, follow, max-snippet:-1, max-image-preview:large, max-video-preview:-1\" \/>\n<link rel=\"canonical\" href=\"https:\/\/4cr.com\/de\/product\/lackieren\/7240-air-dry-clearcoat\/\" \/>\n<meta property=\"og:locale\" content=\"de_DE\" \/>\n<meta property=\"og:type\" content=\"article\" \/>\n<meta property=\"og:title\" content=\"7240  Air Dry Klarlack\" \/>\n<meta property=\"og:description\" content=\"4CR Air Dry HS Klarlack ist ein effizienter Klarlack fu\u0308r beschleunigte Reparaturlackierungen. Die Express- Technologie erlaubt neue M\u00f6glichkeiten zeitgem\u00e4\u00dfer Anspr\u00fcche. Bedeutend k\u00fcrzere Trockenzeiten, Polierbar bereits nach 60 Minuten bei 20\u00b0C. Gro\u00dfe Energieeinsparung durch Entfallen des Heizintervalls und beschleunigter Arbeitsdurchl\u00e4ufe aufgrund verk\u00fcrzter Trockenzeiten. H\u00e4rter f\u00fcr die Verarbeitung in 1:1 Mischverh\u00e4ltnis ist der 4CR 0418 Express H\u00e4rter\" \/>\n<meta property=\"og:url\" content=\"https:\/\/4cr.com\/de\/product\/lackieren\/7240-air-dry-clearcoat\/\" \/>\n<meta property=\"og:site_name\" content=\"4CR\" \/>\n<meta property=\"article:publisher\" content=\"https:\/\/www.facebook.com\/4CRcarrefinish\" \/>\n<meta property=\"article:modified_time\" content=\"2023-01-20T08:22:08+00:00\" \/>\n<meta property=\"og:image\" content=\"https:\/\/4cr.com\/wp-content\/uploads\/2023\/01\/4CR_7240.jpg\" \/>\n\t<meta property=\"og:image:width\" content=\"1000\" \/>\n\t<meta property=\"og:image:height\" content=\"1304\" \/>\n\t<meta property=\"og:image:type\" content=\"image\/jpeg\" \/>\n<meta name=\"twitter:card\" content=\"summary_large_image\" \/>\n<script type=\"application\/ld+json\" class=\"yoast-schema-graph\">{\"@context\":\"https:\/\/schema.org\",\"@graph\":[{\"@type\":\"WebPage\",\"@id\":\"https:\/\/4cr.com\/de\/product\/lackieren\/7240-air-dry-clearcoat\/\",\"url\":\"https:\/\/4cr.com\/de\/product\/lackieren\/7240-air-dry-clearcoat\/\",\"name\":\"7240 Air Dry Klarlack - 4CR\",\"isPartOf\":{\"@id\":\"https:\/\/4cr.com\/de\/#website\"},\"primaryImageOfPage\":{\"@id\":\"https:\/\/4cr.com\/de\/product\/lackieren\/7240-air-dry-clearcoat\/#primaryimage\"},\"image\":{\"@id\":\"https:\/\/4cr.com\/de\/product\/lackieren\/7240-air-dry-clearcoat\/#primaryimage\"},\"thumbnailUrl\":\"https:\/\/4cr.com\/wp-content\/uploads\/2023\/01\/4CR_7240.jpg\",\"datePublished\":\"2023-01-20T08:16:12+00:00\",\"dateModified\":\"2023-01-20T08:22:08+00:00\",\"breadcrumb\":{\"@id\":\"https:\/\/4cr.com\/de\/product\/lackieren\/7240-air-dry-clearcoat\/#breadcrumb\"},\"inLanguage\":\"de\",\"potentialAction\":[{\"@type\":\"ReadAction\",\"target\":[\"https:\/\/4cr.com\/de\/product\/lackieren\/7240-air-dry-clearcoat\/\"]}]},{\"@type\":\"ImageObject\",\"inLanguage\":\"de\",\"@id\":\"https:\/\/4cr.com\/de\/product\/lackieren\/7240-air-dry-clearcoat\/#primaryimage\",\"url\":\"https:\/\/4cr.com\/wp-content\/uploads\/2023\/01\/4CR_7240.jpg\",\"contentUrl\":\"https:\/\/4cr.com\/wp-content\/uploads\/2023\/01\/4CR_7240.jpg\",\"width\":1000,\"height\":1304},{\"@type\":\"BreadcrumbList\",\"@id\":\"https:\/\/4cr.com\/de\/product\/lackieren\/7240-air-dry-clearcoat\/#breadcrumb\",\"itemListElement\":[{\"@type\":\"ListItem\",\"position\":1,\"name\":\"Home\",\"item\":\"https:\/\/4cr.com\/de\/\"},{\"@type\":\"ListItem\",\"position\":2,\"name\":\"Shop\",\"item\":\"https:\/\/4cr.com\/de\/negozio\/\"},{\"@type\":\"ListItem\",\"position\":3,\"name\":\"7240 Air Dry Klarlack\"}]},{\"@type\":\"WebSite\",\"@id\":\"https:\/\/4cr.com\/de\/#website\",\"url\":\"https:\/\/4cr.com\/de\/\",\"name\":\"4CR | Car refinish\",\"description\":\"German quality\",\"publisher\":{\"@id\":\"https:\/\/4cr.com\/de\/#organization\"},\"potentialAction\":[{\"@type\":\"SearchAction\",\"target\":{\"@type\":\"EntryPoint\",\"urlTemplate\":\"https:\/\/4cr.com\/de\/?s={search_term_string}\"},\"query-input\":{\"@type\":\"PropertyValueSpecification\",\"valueRequired\":true,\"valueName\":\"search_term_string\"}}],\"inLanguage\":\"de\"},{\"@type\":\"Organization\",\"@id\":\"https:\/\/4cr.com\/de\/#organization\",\"name\":\"4CR | Car refinish\",\"url\":\"https:\/\/4cr.com\/de\/\",\"logo\":{\"@type\":\"ImageObject\",\"inLanguage\":\"de\",\"@id\":\"https:\/\/4cr.com\/de\/#\/schema\/logo\/image\/\",\"url\":\"https:\/\/4cr.com\/wp-content\/uploads\/2022\/10\/4CR-Logo-scaled.jpg\",\"contentUrl\":\"https:\/\/4cr.com\/wp-content\/uploads\/2022\/10\/4CR-Logo-scaled.jpg\",\"width\":2560,\"height\":2560,\"caption\":\"4CR | Car refinish\"},\"image\":{\"@id\":\"https:\/\/4cr.com\/de\/#\/schema\/logo\/image\/\"},\"sameAs\":[\"https:\/\/www.facebook.com\/4CRcarrefinish\",\"https:\/\/www.instagram.com\/4crofficial\/\",\"https:\/\/www.linkedin.com\/in\/4cr-marketing-department-231552112\/\",\"https:\/\/www.youtube.com\/channel\/UCVc5rykZMv0y7BqMCOjBo8w\"]}]}<\/script>\n<!-- \/ Yoast SEO Premium plugin. -->","yoast_head_json":{"title":"7240  Air Dry Klarlack - 4CR","robots":{"index":"index","follow":"follow","max-snippet":"max-snippet:-1","max-image-preview":"max-image-preview:large","max-video-preview":"max-video-preview:-1"},"canonical":"https:\/\/4cr.com\/de\/product\/lackieren\/7240-air-dry-clearcoat\/","og_locale":"de_DE","og_type":"article","og_title":"7240  Air Dry Klarlack","og_description":"4CR Air Dry HS Klarlack ist ein effizienter Klarlack fu\u0308r beschleunigte Reparaturlackierungen. Die Express- Technologie erlaubt neue M\u00f6glichkeiten zeitgem\u00e4\u00dfer Anspr\u00fcche. Bedeutend k\u00fcrzere Trockenzeiten, Polierbar bereits nach 60 Minuten bei 20\u00b0C. Gro\u00dfe Energieeinsparung durch Entfallen des Heizintervalls und beschleunigter Arbeitsdurchl\u00e4ufe aufgrund verk\u00fcrzter Trockenzeiten. H\u00e4rter f\u00fcr die Verarbeitung in 1:1 Mischverh\u00e4ltnis ist der 4CR 0418 Express H\u00e4rter","og_url":"https:\/\/4cr.com\/de\/product\/lackieren\/7240-air-dry-clearcoat\/","og_site_name":"4CR","article_publisher":"https:\/\/www.facebook.com\/4CRcarrefinish","article_modified_time":"2023-01-20T08:22:08+00:00","og_image":[{"width":1000,"height":1304,"url":"https:\/\/4cr.com\/wp-content\/uploads\/2023\/01\/4CR_7240.jpg","type":"image\/jpeg"}],"twitter_card":"summary_large_image","schema":{"@context":"https:\/\/schema.org","@graph":[{"@type":"WebPage","@id":"https:\/\/4cr.com\/de\/product\/lackieren\/7240-air-dry-clearcoat\/","url":"https:\/\/4cr.com\/de\/product\/lackieren\/7240-air-dry-clearcoat\/","name":"7240 Air Dry Klarlack - 4CR","isPartOf":{"@id":"https:\/\/4cr.com\/de\/#website"},"primaryImageOfPage":{"@id":"https:\/\/4cr.com\/de\/product\/lackieren\/7240-air-dry-clearcoat\/#primaryimage"},"image":{"@id":"https:\/\/4cr.com\/de\/product\/lackieren\/7240-air-dry-clearcoat\/#primaryimage"},"thumbnailUrl":"https:\/\/4cr.com\/wp-content\/uploads\/2023\/01\/4CR_7240.jpg","datePublished":"2023-01-20T08:16:12+00:00","dateModified":"2023-01-20T08:22:08+00:00","breadcrumb":{"@id":"https:\/\/4cr.com\/de\/product\/lackieren\/7240-air-dry-clearcoat\/#breadcrumb"},"inLanguage":"de","potentialAction":[{"@type":"ReadAction","target":["https:\/\/4cr.com\/de\/product\/lackieren\/7240-air-dry-clearcoat\/"]}]},{"@type":"ImageObject","inLanguage":"de","@id":"https:\/\/4cr.com\/de\/product\/lackieren\/7240-air-dry-clearcoat\/#primaryimage","url":"https:\/\/4cr.com\/wp-content\/uploads\/2023\/01\/4CR_7240.jpg","contentUrl":"https:\/\/4cr.com\/wp-content\/uploads\/2023\/01\/4CR_7240.jpg","width":1000,"height":1304},{"@type":"BreadcrumbList","@id":"https:\/\/4cr.com\/de\/product\/lackieren\/7240-air-dry-clearcoat\/#breadcrumb","itemListElement":[{"@type":"ListItem","position":1,"name":"Home","item":"https:\/\/4cr.com\/de\/"},{"@type":"ListItem","position":2,"name":"Shop","item":"https:\/\/4cr.com\/de\/negozio\/"},{"@type":"ListItem","position":3,"name":"7240 Air Dry Klarlack"}]},{"@type":"WebSite","@id":"https:\/\/4cr.com\/de\/#website","url":"https:\/\/4cr.com\/de\/","name":"4CR | Car refinish","description":"German quality","publisher":{"@id":"https:\/\/4cr.com\/de\/#organization"},"potentialAction":[{"@type":"SearchAction","target":{"@type":"EntryPoint","urlTemplate":"https:\/\/4cr.com\/de\/?s={search_term_string}"},"query-input":{"@type":"PropertyValueSpecification","valueRequired":true,"valueName":"search_term_string"}}],"inLanguage":"de"},{"@type":"Organization","@id":"https:\/\/4cr.com\/de\/#organization","name":"4CR | Car refinish","url":"https:\/\/4cr.com\/de\/","logo":{"@type":"ImageObject","inLanguage":"de","@id":"https:\/\/4cr.com\/de\/#\/schema\/logo\/image\/","url":"https:\/\/4cr.com\/wp-content\/uploads\/2022\/10\/4CR-Logo-scaled.jpg","contentUrl":"https:\/\/4cr.com\/wp-content\/uploads\/2022\/10\/4CR-Logo-scaled.jpg","width":2560,"height":2560,"caption":"4CR | Car refinish"},"image":{"@id":"https:\/\/4cr.com\/de\/#\/schema\/logo\/image\/"},"sameAs":["https:\/\/www.facebook.com\/4CRcarrefinish","https:\/\/www.instagram.com\/4crofficial\/","https:\/\/www.linkedin.com\/in\/4cr-marketing-department-231552112\/","https:\/\/www.youtube.com\/channel\/UCVc5rykZMv0y7BqMCOjBo8w"]}]}},"_links":{"self":[{"href":"https:\/\/4cr.com\/de\/wp-json\/wp\/v2\/product\/23939","targetHints":{"allow":["GET"]}}],"collection":[{"href":"https:\/\/4cr.com\/de\/wp-json\/wp\/v2\/product"}],"about":[{"href":"https:\/\/4cr.com\/de\/wp-json\/wp\/v2\/types\/product"}],"replies":[{"embeddable":true,"href":"https:\/\/4cr.com\/de\/wp-json\/wp\/v2\/comments?post=23939"}],"wp:featuredmedia":[{"embeddable":true,"href":"https:\/\/4cr.com\/de\/wp-json\/wp\/v2\/media\/23942"}],"wp:attachment":[{"href":"https:\/\/4cr.com\/de\/wp-json\/wp\/v2\/media?parent=23939"}],"wp:term":[{"taxonomy":"product_brand","embeddable":true,"href":"https:\/\/4cr.com\/de\/wp-json\/wp\/v2\/product_brand?post=23939"},{"taxonomy":"product_cat","embeddable":true,"href":"https:\/\/4cr.com\/de\/wp-json\/wp\/v2\/product_cat?post=23939"},{"taxonomy":"product_tag","embeddable":true,"href":"https:\/\/4cr.com\/de\/wp-json\/wp\/v2\/product_tag?post=23939"}],"curies":[{"name":"wp","href":"https:\/\/api.w.org\/{rel}","templated":true}]}}