{"id":23040,"date":"2022-11-22T09:45:30","date_gmt":"2022-11-22T08:45:30","guid":{"rendered":"https:\/\/4cr.com\/?post_type=product&#038;p=23040"},"modified":"2022-11-22T10:12:41","modified_gmt":"2022-11-22T09:12:41","slug":"7720-easy-cup","status":"publish","type":"product","link":"https:\/\/4cr.com\/de\/product\/lackieren\/7720-easy-cup\/","title":{"rendered":"7720  <br> Easy Cup"},"content":{"rendered":"","protected":false},"excerpt":{"rendered":"<p class=\"p1\">Flexibler Lackierbecher in Hartschale Geh\u00e4use und Lacksiebe der Gr\u00f6\u00dfen 125 und 190 im Deckel. Zeitsparend durch verringerten Reinigungsaufwand und Einsparung an Reinigungsverd\u00fcnnung bei t\u00e4glichen Lackierarbeiten. Durch die integrierte Mischskala lassen sich Lacke ganz bequem im EasyCup Lackierbecher anr\u00fchren. <\/p>\n","protected":false},"featured_media":23043,"comment_status":"closed","ping_status":"closed","template":"","meta":{"inline_featured_image":false},"product_brand":[],"product_cat":[107],"product_tag":[],"class_list":{"0":"post-23040","1":"product","2":"type-product","3":"status-publish","4":"has-post-thumbnail","6":"product_cat-lackieren","8":"first","9":"instock","10":"shipping-taxable","11":"product-type-external"},"yoast_head":"<!-- This site is optimized with the Yoast SEO Premium plugin v18.3 (Yoast SEO v26.8) - https:\/\/yoast.com\/product\/yoast-seo-premium-wordpress\/ -->\n<title>7720  Easy Cup - 4CR<\/title>\n<meta name=\"robots\" content=\"index, follow, max-snippet:-1, max-image-preview:large, max-video-preview:-1\" \/>\n<link rel=\"canonical\" href=\"https:\/\/4cr.com\/de\/product\/lackieren\/7720-easy-cup\/\" \/>\n<meta property=\"og:locale\" content=\"de_DE\" \/>\n<meta property=\"og:type\" content=\"article\" \/>\n<meta property=\"og:title\" content=\"7720  Easy Cup\" \/>\n<meta property=\"og:description\" content=\"Flexibler Lackierbecher in Hartschale Geh\u00e4use und Lacksiebe der Gr\u00f6\u00dfen 125 und 190 im Deckel. Zeitsparend durch verringerten Reinigungsaufwand und Einsparung an Reinigungsverd\u00fcnnung bei t\u00e4glichen Lackierarbeiten. Durch die integrierte Mischskala lassen sich Lacke ganz bequem im EasyCup Lackierbecher anr\u00fchren.\" \/>\n<meta property=\"og:url\" content=\"https:\/\/4cr.com\/de\/product\/lackieren\/7720-easy-cup\/\" \/>\n<meta property=\"og:site_name\" content=\"4CR\" \/>\n<meta property=\"article:publisher\" content=\"https:\/\/www.facebook.com\/4CRcarrefinish\" \/>\n<meta property=\"article:modified_time\" content=\"2022-11-22T09:12:41+00:00\" \/>\n<meta property=\"og:image\" content=\"https:\/\/4cr.com\/wp-content\/uploads\/2022\/11\/7720.jpg\" \/>\n\t<meta property=\"og:image:width\" content=\"1000\" \/>\n\t<meta property=\"og:image:height\" content=\"1304\" \/>\n\t<meta property=\"og:image:type\" content=\"image\/jpeg\" \/>\n<meta name=\"twitter:card\" content=\"summary_large_image\" \/>\n<script type=\"application\/ld+json\" class=\"yoast-schema-graph\">{\"@context\":\"https:\/\/schema.org\",\"@graph\":[{\"@type\":\"WebPage\",\"@id\":\"https:\/\/4cr.com\/de\/product\/lackieren\/7720-easy-cup\/\",\"url\":\"https:\/\/4cr.com\/de\/product\/lackieren\/7720-easy-cup\/\",\"name\":\"7720 Easy Cup - 4CR\",\"isPartOf\":{\"@id\":\"https:\/\/4cr.com\/de\/#website\"},\"primaryImageOfPage\":{\"@id\":\"https:\/\/4cr.com\/de\/product\/lackieren\/7720-easy-cup\/#primaryimage\"},\"image\":{\"@id\":\"https:\/\/4cr.com\/de\/product\/lackieren\/7720-easy-cup\/#primaryimage\"},\"thumbnailUrl\":\"https:\/\/4cr.com\/wp-content\/uploads\/2022\/11\/7720.jpg\",\"datePublished\":\"2022-11-22T08:45:30+00:00\",\"dateModified\":\"2022-11-22T09:12:41+00:00\",\"breadcrumb\":{\"@id\":\"https:\/\/4cr.com\/de\/product\/lackieren\/7720-easy-cup\/#breadcrumb\"},\"inLanguage\":\"de\",\"potentialAction\":[{\"@type\":\"ReadAction\",\"target\":[\"https:\/\/4cr.com\/de\/product\/lackieren\/7720-easy-cup\/\"]}]},{\"@type\":\"ImageObject\",\"inLanguage\":\"de\",\"@id\":\"https:\/\/4cr.com\/de\/product\/lackieren\/7720-easy-cup\/#primaryimage\",\"url\":\"https:\/\/4cr.com\/wp-content\/uploads\/2022\/11\/7720.jpg\",\"contentUrl\":\"https:\/\/4cr.com\/wp-content\/uploads\/2022\/11\/7720.jpg\",\"width\":1000,\"height\":1304},{\"@type\":\"BreadcrumbList\",\"@id\":\"https:\/\/4cr.com\/de\/product\/lackieren\/7720-easy-cup\/#breadcrumb\",\"itemListElement\":[{\"@type\":\"ListItem\",\"position\":1,\"name\":\"Home\",\"item\":\"https:\/\/4cr.com\/de\/\"},{\"@type\":\"ListItem\",\"position\":2,\"name\":\"Shop\",\"item\":\"https:\/\/4cr.com\/de\/negozio\/\"},{\"@type\":\"ListItem\",\"position\":3,\"name\":\"7720 Easy Cup\"}]},{\"@type\":\"WebSite\",\"@id\":\"https:\/\/4cr.com\/de\/#website\",\"url\":\"https:\/\/4cr.com\/de\/\",\"name\":\"4CR | Car refinish\",\"description\":\"German quality\",\"publisher\":{\"@id\":\"https:\/\/4cr.com\/de\/#organization\"},\"potentialAction\":[{\"@type\":\"SearchAction\",\"target\":{\"@type\":\"EntryPoint\",\"urlTemplate\":\"https:\/\/4cr.com\/de\/?s={search_term_string}\"},\"query-input\":{\"@type\":\"PropertyValueSpecification\",\"valueRequired\":true,\"valueName\":\"search_term_string\"}}],\"inLanguage\":\"de\"},{\"@type\":\"Organization\",\"@id\":\"https:\/\/4cr.com\/de\/#organization\",\"name\":\"4CR | Car refinish\",\"url\":\"https:\/\/4cr.com\/de\/\",\"logo\":{\"@type\":\"ImageObject\",\"inLanguage\":\"de\",\"@id\":\"https:\/\/4cr.com\/de\/#\/schema\/logo\/image\/\",\"url\":\"https:\/\/4cr.com\/wp-content\/uploads\/2022\/10\/4CR-Logo-scaled.jpg\",\"contentUrl\":\"https:\/\/4cr.com\/wp-content\/uploads\/2022\/10\/4CR-Logo-scaled.jpg\",\"width\":2560,\"height\":2560,\"caption\":\"4CR | Car refinish\"},\"image\":{\"@id\":\"https:\/\/4cr.com\/de\/#\/schema\/logo\/image\/\"},\"sameAs\":[\"https:\/\/www.facebook.com\/4CRcarrefinish\",\"https:\/\/www.instagram.com\/4crofficial\/\",\"https:\/\/www.linkedin.com\/in\/4cr-marketing-department-231552112\/\",\"https:\/\/www.youtube.com\/channel\/UCVc5rykZMv0y7BqMCOjBo8w\"]}]}<\/script>\n<!-- \/ Yoast SEO Premium plugin. -->","yoast_head_json":{"title":"7720  Easy Cup - 4CR","robots":{"index":"index","follow":"follow","max-snippet":"max-snippet:-1","max-image-preview":"max-image-preview:large","max-video-preview":"max-video-preview:-1"},"canonical":"https:\/\/4cr.com\/de\/product\/lackieren\/7720-easy-cup\/","og_locale":"de_DE","og_type":"article","og_title":"7720  Easy Cup","og_description":"Flexibler Lackierbecher in Hartschale Geh\u00e4use und Lacksiebe der Gr\u00f6\u00dfen 125 und 190 im Deckel. Zeitsparend durch verringerten Reinigungsaufwand und Einsparung an Reinigungsverd\u00fcnnung bei t\u00e4glichen Lackierarbeiten. Durch die integrierte Mischskala lassen sich Lacke ganz bequem im EasyCup Lackierbecher anr\u00fchren.","og_url":"https:\/\/4cr.com\/de\/product\/lackieren\/7720-easy-cup\/","og_site_name":"4CR","article_publisher":"https:\/\/www.facebook.com\/4CRcarrefinish","article_modified_time":"2022-11-22T09:12:41+00:00","og_image":[{"width":1000,"height":1304,"url":"https:\/\/4cr.com\/wp-content\/uploads\/2022\/11\/7720.jpg","type":"image\/jpeg"}],"twitter_card":"summary_large_image","schema":{"@context":"https:\/\/schema.org","@graph":[{"@type":"WebPage","@id":"https:\/\/4cr.com\/de\/product\/lackieren\/7720-easy-cup\/","url":"https:\/\/4cr.com\/de\/product\/lackieren\/7720-easy-cup\/","name":"7720 Easy Cup - 4CR","isPartOf":{"@id":"https:\/\/4cr.com\/de\/#website"},"primaryImageOfPage":{"@id":"https:\/\/4cr.com\/de\/product\/lackieren\/7720-easy-cup\/#primaryimage"},"image":{"@id":"https:\/\/4cr.com\/de\/product\/lackieren\/7720-easy-cup\/#primaryimage"},"thumbnailUrl":"https:\/\/4cr.com\/wp-content\/uploads\/2022\/11\/7720.jpg","datePublished":"2022-11-22T08:45:30+00:00","dateModified":"2022-11-22T09:12:41+00:00","breadcrumb":{"@id":"https:\/\/4cr.com\/de\/product\/lackieren\/7720-easy-cup\/#breadcrumb"},"inLanguage":"de","potentialAction":[{"@type":"ReadAction","target":["https:\/\/4cr.com\/de\/product\/lackieren\/7720-easy-cup\/"]}]},{"@type":"ImageObject","inLanguage":"de","@id":"https:\/\/4cr.com\/de\/product\/lackieren\/7720-easy-cup\/#primaryimage","url":"https:\/\/4cr.com\/wp-content\/uploads\/2022\/11\/7720.jpg","contentUrl":"https:\/\/4cr.com\/wp-content\/uploads\/2022\/11\/7720.jpg","width":1000,"height":1304},{"@type":"BreadcrumbList","@id":"https:\/\/4cr.com\/de\/product\/lackieren\/7720-easy-cup\/#breadcrumb","itemListElement":[{"@type":"ListItem","position":1,"name":"Home","item":"https:\/\/4cr.com\/de\/"},{"@type":"ListItem","position":2,"name":"Shop","item":"https:\/\/4cr.com\/de\/negozio\/"},{"@type":"ListItem","position":3,"name":"7720 Easy Cup"}]},{"@type":"WebSite","@id":"https:\/\/4cr.com\/de\/#website","url":"https:\/\/4cr.com\/de\/","name":"4CR | Car refinish","description":"German quality","publisher":{"@id":"https:\/\/4cr.com\/de\/#organization"},"potentialAction":[{"@type":"SearchAction","target":{"@type":"EntryPoint","urlTemplate":"https:\/\/4cr.com\/de\/?s={search_term_string}"},"query-input":{"@type":"PropertyValueSpecification","valueRequired":true,"valueName":"search_term_string"}}],"inLanguage":"de"},{"@type":"Organization","@id":"https:\/\/4cr.com\/de\/#organization","name":"4CR | Car refinish","url":"https:\/\/4cr.com\/de\/","logo":{"@type":"ImageObject","inLanguage":"de","@id":"https:\/\/4cr.com\/de\/#\/schema\/logo\/image\/","url":"https:\/\/4cr.com\/wp-content\/uploads\/2022\/10\/4CR-Logo-scaled.jpg","contentUrl":"https:\/\/4cr.com\/wp-content\/uploads\/2022\/10\/4CR-Logo-scaled.jpg","width":2560,"height":2560,"caption":"4CR | Car refinish"},"image":{"@id":"https:\/\/4cr.com\/de\/#\/schema\/logo\/image\/"},"sameAs":["https:\/\/www.facebook.com\/4CRcarrefinish","https:\/\/www.instagram.com\/4crofficial\/","https:\/\/www.linkedin.com\/in\/4cr-marketing-department-231552112\/","https:\/\/www.youtube.com\/channel\/UCVc5rykZMv0y7BqMCOjBo8w"]}]}},"_links":{"self":[{"href":"https:\/\/4cr.com\/de\/wp-json\/wp\/v2\/product\/23040","targetHints":{"allow":["GET"]}}],"collection":[{"href":"https:\/\/4cr.com\/de\/wp-json\/wp\/v2\/product"}],"about":[{"href":"https:\/\/4cr.com\/de\/wp-json\/wp\/v2\/types\/product"}],"replies":[{"embeddable":true,"href":"https:\/\/4cr.com\/de\/wp-json\/wp\/v2\/comments?post=23040"}],"wp:featuredmedia":[{"embeddable":true,"href":"https:\/\/4cr.com\/de\/wp-json\/wp\/v2\/media\/23043"}],"wp:attachment":[{"href":"https:\/\/4cr.com\/de\/wp-json\/wp\/v2\/media?parent=23040"}],"wp:term":[{"taxonomy":"product_brand","embeddable":true,"href":"https:\/\/4cr.com\/de\/wp-json\/wp\/v2\/product_brand?post=23040"},{"taxonomy":"product_cat","embeddable":true,"href":"https:\/\/4cr.com\/de\/wp-json\/wp\/v2\/product_cat?post=23040"},{"taxonomy":"product_tag","embeddable":true,"href":"https:\/\/4cr.com\/de\/wp-json\/wp\/v2\/product_tag?post=23040"}],"curies":[{"name":"wp","href":"https:\/\/api.w.org\/{rel}","templated":true}]}}