{"id":16551,"date":"2022-08-16T11:16:23","date_gmt":"2022-08-16T09:16:23","guid":{"rendered":"https:\/\/4crcom.c-1974.maxcluster.net\/product\/unkategorisiert\/1200-foam-masking-tape\/"},"modified":"2022-09-21T16:51:55","modified_gmt":"2022-09-21T14:51:55","slug":"1200-foam-masking-tape","status":"publish","type":"product","link":"https:\/\/4cr.com\/de\/product\/abdecken\/1200-foam-masking-tape\/","title":{"rendered":"1200  <br> Foam Masking Tape"},"content":{"rendered":"","protected":false},"excerpt":{"rendered":"<p>&nbsp;<\/p>\n<p class=\"p1\">Zum Abdecken und anliften von Gummidichtungen, sowie bei unzug\u00e4nglichen gekru\u0308mmten Bereichen, einfache Anwendung. Schu\u0308tz den Fahrzeuginnenraum vor Overspray. Individuell auf die gewu\u0308nschte Gr\u00f6\u00dfe, horizontal und vertikal, zu rei\u00dfen.<\/p>\n<p class=\"p1\">Temperaturbest\u00e4ndig bis 80\u00b0 C.<\/p>\n","protected":false},"featured_media":16051,"comment_status":"closed","ping_status":"closed","template":"","meta":{"inline_featured_image":false},"product_brand":[],"product_cat":[103],"product_tag":[],"class_list":{"0":"post-16551","1":"product","2":"type-product","3":"status-publish","4":"has-post-thumbnail","6":"product_cat-abdecken","8":"first","9":"instock","10":"shipping-taxable","11":"product-type-external"},"yoast_head":"<!-- This site is optimized with the Yoast SEO Premium plugin v18.3 (Yoast SEO v26.8) - https:\/\/yoast.com\/product\/yoast-seo-premium-wordpress\/ -->\n<title>1200  Foam Masking Tape - 4CR<\/title>\n<meta name=\"robots\" content=\"index, follow, max-snippet:-1, max-image-preview:large, max-video-preview:-1\" \/>\n<link rel=\"canonical\" href=\"https:\/\/4cr.com\/de\/product\/abdecken\/1200-foam-masking-tape\/\" \/>\n<meta property=\"og:locale\" content=\"de_DE\" \/>\n<meta property=\"og:type\" content=\"article\" \/>\n<meta property=\"og:title\" content=\"1200  Foam Masking Tape\" \/>\n<meta property=\"og:description\" content=\"&nbsp; Zum Abdecken und anliften von Gummidichtungen, sowie bei unzug\u00e4nglichen gekru\u0308mmten Bereichen, einfache Anwendung. Schu\u0308tz den Fahrzeuginnenraum vor Overspray. Individuell auf die gewu\u0308nschte Gr\u00f6\u00dfe, horizontal und vertikal, zu rei\u00dfen. Temperaturbest\u00e4ndig bis 80\u00b0 C.\" \/>\n<meta property=\"og:url\" content=\"https:\/\/4cr.com\/de\/product\/abdecken\/1200-foam-masking-tape\/\" \/>\n<meta property=\"og:site_name\" content=\"4CR\" \/>\n<meta property=\"article:publisher\" content=\"https:\/\/www.facebook.com\/4CRcarrefinish\" \/>\n<meta property=\"article:modified_time\" content=\"2022-09-21T14:51:55+00:00\" \/>\n<meta property=\"og:image\" content=\"https:\/\/4cr.com\/wp-content\/uploads\/2022\/08\/4cr-1200.jpg\" \/>\n\t<meta property=\"og:image:width\" content=\"1000\" \/>\n\t<meta property=\"og:image:height\" content=\"1304\" \/>\n\t<meta property=\"og:image:type\" content=\"image\/jpeg\" \/>\n<meta name=\"twitter:card\" content=\"summary_large_image\" \/>\n<script type=\"application\/ld+json\" class=\"yoast-schema-graph\">{\"@context\":\"https:\/\/schema.org\",\"@graph\":[{\"@type\":\"WebPage\",\"@id\":\"https:\/\/4cr.com\/de\/product\/abdecken\/1200-foam-masking-tape\/\",\"url\":\"https:\/\/4cr.com\/de\/product\/abdecken\/1200-foam-masking-tape\/\",\"name\":\"1200 Foam Masking Tape - 4CR\",\"isPartOf\":{\"@id\":\"https:\/\/4cr.com\/de\/#website\"},\"primaryImageOfPage\":{\"@id\":\"https:\/\/4cr.com\/de\/product\/abdecken\/1200-foam-masking-tape\/#primaryimage\"},\"image\":{\"@id\":\"https:\/\/4cr.com\/de\/product\/abdecken\/1200-foam-masking-tape\/#primaryimage\"},\"thumbnailUrl\":\"https:\/\/4cr.com\/wp-content\/uploads\/2022\/08\/4cr-1200.jpg\",\"datePublished\":\"2022-08-16T09:16:23+00:00\",\"dateModified\":\"2022-09-21T14:51:55+00:00\",\"breadcrumb\":{\"@id\":\"https:\/\/4cr.com\/de\/product\/abdecken\/1200-foam-masking-tape\/#breadcrumb\"},\"inLanguage\":\"de\",\"potentialAction\":[{\"@type\":\"ReadAction\",\"target\":[\"https:\/\/4cr.com\/de\/product\/abdecken\/1200-foam-masking-tape\/\"]}]},{\"@type\":\"ImageObject\",\"inLanguage\":\"de\",\"@id\":\"https:\/\/4cr.com\/de\/product\/abdecken\/1200-foam-masking-tape\/#primaryimage\",\"url\":\"https:\/\/4cr.com\/wp-content\/uploads\/2022\/08\/4cr-1200.jpg\",\"contentUrl\":\"https:\/\/4cr.com\/wp-content\/uploads\/2022\/08\/4cr-1200.jpg\",\"width\":1000,\"height\":1304},{\"@type\":\"BreadcrumbList\",\"@id\":\"https:\/\/4cr.com\/de\/product\/abdecken\/1200-foam-masking-tape\/#breadcrumb\",\"itemListElement\":[{\"@type\":\"ListItem\",\"position\":1,\"name\":\"Home\",\"item\":\"https:\/\/4cr.com\/de\/\"},{\"@type\":\"ListItem\",\"position\":2,\"name\":\"Shop\",\"item\":\"https:\/\/4cr.com\/de\/negozio\/\"},{\"@type\":\"ListItem\",\"position\":3,\"name\":\"1200 Foam Masking Tape\"}]},{\"@type\":\"WebSite\",\"@id\":\"https:\/\/4cr.com\/de\/#website\",\"url\":\"https:\/\/4cr.com\/de\/\",\"name\":\"4CR | Car refinish\",\"description\":\"German quality\",\"publisher\":{\"@id\":\"https:\/\/4cr.com\/de\/#organization\"},\"potentialAction\":[{\"@type\":\"SearchAction\",\"target\":{\"@type\":\"EntryPoint\",\"urlTemplate\":\"https:\/\/4cr.com\/de\/?s={search_term_string}\"},\"query-input\":{\"@type\":\"PropertyValueSpecification\",\"valueRequired\":true,\"valueName\":\"search_term_string\"}}],\"inLanguage\":\"de\"},{\"@type\":\"Organization\",\"@id\":\"https:\/\/4cr.com\/de\/#organization\",\"name\":\"4CR | Car refinish\",\"url\":\"https:\/\/4cr.com\/de\/\",\"logo\":{\"@type\":\"ImageObject\",\"inLanguage\":\"de\",\"@id\":\"https:\/\/4cr.com\/de\/#\/schema\/logo\/image\/\",\"url\":\"https:\/\/4cr.com\/wp-content\/uploads\/2022\/10\/4CR-Logo-scaled.jpg\",\"contentUrl\":\"https:\/\/4cr.com\/wp-content\/uploads\/2022\/10\/4CR-Logo-scaled.jpg\",\"width\":2560,\"height\":2560,\"caption\":\"4CR | Car refinish\"},\"image\":{\"@id\":\"https:\/\/4cr.com\/de\/#\/schema\/logo\/image\/\"},\"sameAs\":[\"https:\/\/www.facebook.com\/4CRcarrefinish\",\"https:\/\/www.instagram.com\/4crofficial\/\",\"https:\/\/www.linkedin.com\/in\/4cr-marketing-department-231552112\/\",\"https:\/\/www.youtube.com\/channel\/UCVc5rykZMv0y7BqMCOjBo8w\"]}]}<\/script>\n<!-- \/ Yoast SEO Premium plugin. -->","yoast_head_json":{"title":"1200  Foam Masking Tape - 4CR","robots":{"index":"index","follow":"follow","max-snippet":"max-snippet:-1","max-image-preview":"max-image-preview:large","max-video-preview":"max-video-preview:-1"},"canonical":"https:\/\/4cr.com\/de\/product\/abdecken\/1200-foam-masking-tape\/","og_locale":"de_DE","og_type":"article","og_title":"1200  Foam Masking Tape","og_description":"&nbsp; Zum Abdecken und anliften von Gummidichtungen, sowie bei unzug\u00e4nglichen gekru\u0308mmten Bereichen, einfache Anwendung. Schu\u0308tz den Fahrzeuginnenraum vor Overspray. Individuell auf die gewu\u0308nschte Gr\u00f6\u00dfe, horizontal und vertikal, zu rei\u00dfen. Temperaturbest\u00e4ndig bis 80\u00b0 C.","og_url":"https:\/\/4cr.com\/de\/product\/abdecken\/1200-foam-masking-tape\/","og_site_name":"4CR","article_publisher":"https:\/\/www.facebook.com\/4CRcarrefinish","article_modified_time":"2022-09-21T14:51:55+00:00","og_image":[{"width":1000,"height":1304,"url":"https:\/\/4cr.com\/wp-content\/uploads\/2022\/08\/4cr-1200.jpg","type":"image\/jpeg"}],"twitter_card":"summary_large_image","schema":{"@context":"https:\/\/schema.org","@graph":[{"@type":"WebPage","@id":"https:\/\/4cr.com\/de\/product\/abdecken\/1200-foam-masking-tape\/","url":"https:\/\/4cr.com\/de\/product\/abdecken\/1200-foam-masking-tape\/","name":"1200 Foam Masking Tape - 4CR","isPartOf":{"@id":"https:\/\/4cr.com\/de\/#website"},"primaryImageOfPage":{"@id":"https:\/\/4cr.com\/de\/product\/abdecken\/1200-foam-masking-tape\/#primaryimage"},"image":{"@id":"https:\/\/4cr.com\/de\/product\/abdecken\/1200-foam-masking-tape\/#primaryimage"},"thumbnailUrl":"https:\/\/4cr.com\/wp-content\/uploads\/2022\/08\/4cr-1200.jpg","datePublished":"2022-08-16T09:16:23+00:00","dateModified":"2022-09-21T14:51:55+00:00","breadcrumb":{"@id":"https:\/\/4cr.com\/de\/product\/abdecken\/1200-foam-masking-tape\/#breadcrumb"},"inLanguage":"de","potentialAction":[{"@type":"ReadAction","target":["https:\/\/4cr.com\/de\/product\/abdecken\/1200-foam-masking-tape\/"]}]},{"@type":"ImageObject","inLanguage":"de","@id":"https:\/\/4cr.com\/de\/product\/abdecken\/1200-foam-masking-tape\/#primaryimage","url":"https:\/\/4cr.com\/wp-content\/uploads\/2022\/08\/4cr-1200.jpg","contentUrl":"https:\/\/4cr.com\/wp-content\/uploads\/2022\/08\/4cr-1200.jpg","width":1000,"height":1304},{"@type":"BreadcrumbList","@id":"https:\/\/4cr.com\/de\/product\/abdecken\/1200-foam-masking-tape\/#breadcrumb","itemListElement":[{"@type":"ListItem","position":1,"name":"Home","item":"https:\/\/4cr.com\/de\/"},{"@type":"ListItem","position":2,"name":"Shop","item":"https:\/\/4cr.com\/de\/negozio\/"},{"@type":"ListItem","position":3,"name":"1200 Foam Masking Tape"}]},{"@type":"WebSite","@id":"https:\/\/4cr.com\/de\/#website","url":"https:\/\/4cr.com\/de\/","name":"4CR | Car refinish","description":"German quality","publisher":{"@id":"https:\/\/4cr.com\/de\/#organization"},"potentialAction":[{"@type":"SearchAction","target":{"@type":"EntryPoint","urlTemplate":"https:\/\/4cr.com\/de\/?s={search_term_string}"},"query-input":{"@type":"PropertyValueSpecification","valueRequired":true,"valueName":"search_term_string"}}],"inLanguage":"de"},{"@type":"Organization","@id":"https:\/\/4cr.com\/de\/#organization","name":"4CR | Car refinish","url":"https:\/\/4cr.com\/de\/","logo":{"@type":"ImageObject","inLanguage":"de","@id":"https:\/\/4cr.com\/de\/#\/schema\/logo\/image\/","url":"https:\/\/4cr.com\/wp-content\/uploads\/2022\/10\/4CR-Logo-scaled.jpg","contentUrl":"https:\/\/4cr.com\/wp-content\/uploads\/2022\/10\/4CR-Logo-scaled.jpg","width":2560,"height":2560,"caption":"4CR | Car refinish"},"image":{"@id":"https:\/\/4cr.com\/de\/#\/schema\/logo\/image\/"},"sameAs":["https:\/\/www.facebook.com\/4CRcarrefinish","https:\/\/www.instagram.com\/4crofficial\/","https:\/\/www.linkedin.com\/in\/4cr-marketing-department-231552112\/","https:\/\/www.youtube.com\/channel\/UCVc5rykZMv0y7BqMCOjBo8w"]}]}},"_links":{"self":[{"href":"https:\/\/4cr.com\/de\/wp-json\/wp\/v2\/product\/16551","targetHints":{"allow":["GET"]}}],"collection":[{"href":"https:\/\/4cr.com\/de\/wp-json\/wp\/v2\/product"}],"about":[{"href":"https:\/\/4cr.com\/de\/wp-json\/wp\/v2\/types\/product"}],"replies":[{"embeddable":true,"href":"https:\/\/4cr.com\/de\/wp-json\/wp\/v2\/comments?post=16551"}],"wp:featuredmedia":[{"embeddable":true,"href":"https:\/\/4cr.com\/de\/wp-json\/wp\/v2\/media\/16051"}],"wp:attachment":[{"href":"https:\/\/4cr.com\/de\/wp-json\/wp\/v2\/media?parent=16551"}],"wp:term":[{"taxonomy":"product_brand","embeddable":true,"href":"https:\/\/4cr.com\/de\/wp-json\/wp\/v2\/product_brand?post=16551"},{"taxonomy":"product_cat","embeddable":true,"href":"https:\/\/4cr.com\/de\/wp-json\/wp\/v2\/product_cat?post=16551"},{"taxonomy":"product_tag","embeddable":true,"href":"https:\/\/4cr.com\/de\/wp-json\/wp\/v2\/product_tag?post=16551"}],"curies":[{"name":"wp","href":"https:\/\/api.w.org\/{rel}","templated":true}]}}