{"id":24323,"date":"2023-10-23T16:28:29","date_gmt":"2023-10-23T15:28:29","guid":{"rendered":"https:\/\/4cr.com\/mandatory-training\/"},"modified":"2023-10-24T11:55:28","modified_gmt":"2023-10-24T10:55:28","slug":"mandatory-training","status":"publish","type":"page","link":"https:\/\/4cr.com\/de\/mandatory-training\/","title":{"rendered":"Verpflichtende Schulung f\u00fcr Produkte, die Diisocyanate enthalten, und deren Anwendung"},"content":{"rendered":"\t\t<div data-elementor-type=\"wp-page\" data-elementor-id=\"24323\" class=\"elementor elementor-24323 elementor-24292\" data-elementor-post-type=\"page\">\n\t\t\t\t\t\t<section class=\"elementor-section elementor-top-section elementor-element elementor-element-480fc02 elementor-section-boxed elementor-section-height-default elementor-section-height-default qodef-elementor-content-no\" data-id=\"480fc02\" data-element_type=\"section\">\n\t\t\t\t\t\t<div class=\"elementor-container elementor-column-gap-default\">\n\t\t\t\t\t<div class=\"elementor-column elementor-col-50 elementor-top-column elementor-element elementor-element-9734764\" data-id=\"9734764\" data-element_type=\"column\">\n\t\t\t<div class=\"elementor-widget-wrap elementor-element-populated\">\n\t\t\t\t\t\t<div class=\"elementor-element elementor-element-161d1e7 elementor-widget elementor-widget-text-editor\" data-id=\"161d1e7\" data-element_type=\"widget\" data-widget_type=\"text-editor.default\">\n\t\t\t\t<div class=\"elementor-widget-container\">\n\t\t\t\t\t\t\t\t\t<p>Die Europ\u00e4ische Union hat eine neue Regelung erlassen, die die Verwendung von Produkten mit mehr als 0,1 % monomeren Diisocyanaten betrifft. Diese neuen Vorschriften gelten f\u00fcr Artikel wie Polyurethanklebstoffe, Dichtstoffe, Gie\u00dfharze, Beschichtungsmaterialien und \u00e4hnliche Produkte. Alle betroffenen Artikel m\u00fcssen einen entsprechenden Hinweis zur verpflichtenden Schulung auf ihrem Etikett tragen.<\/p><p>Das Hauptziel besteht darin, potenzielle Haut- und Atemwegssensibilisierungen, die durch Diisocyanate verursacht werden k\u00f6nnen, durch Sicherheitsschulungen zu verhindern. Gem\u00e4\u00df der REACH-Richtlinie m\u00fcssen alle gewerblichen und industriellen Anwender bis zum 24. August 2023 eine angemessene Schulung absolvieren, bevor sie solche Produkte verwenden d\u00fcrfen.<\/p>\t\t\t\t\t\t\t\t<\/div>\n\t\t\t\t<\/div>\n\t\t\t\t<div class=\"elementor-element elementor-element-d2103c4 elementor-widget elementor-widget-text-editor\" data-id=\"d2103c4\" data-element_type=\"widget\" data-widget_type=\"text-editor.default\">\n\t\t\t\t<div class=\"elementor-widget-container\">\n\t\t\t\t\t\t\t\t\t<p><a href=\"https:\/\/eur-lex.europa.eu\/legal-content\/DE\/TXT\/?uri=CELEX%3A32020R1149&amp;qid=1657105165569\" target=\"_blank\" rel=\"noopener\">Zur EU-Verordnung<\/a><\/p><p>Unter folgendem Link finden Sie ein Trainingskonzept bzw. eine Plattform zur Umsetzung der geforderten Schulungen: <a href=\"https:\/\/www.safeusediisocyanates.eu\/de\/\" target=\"_blank\" rel=\"noopener\">https:\/\/www.safeusediisocyanates.eu\/de\/<\/a><\/p>\t\t\t\t\t\t\t\t<\/div>\n\t\t\t\t<\/div>\n\t\t\t\t\t<\/div>\n\t\t<\/div>\n\t\t\t\t<div class=\"elementor-column elementor-col-50 elementor-top-column elementor-element elementor-element-c7599e0\" data-id=\"c7599e0\" data-element_type=\"column\">\n\t\t\t<div class=\"elementor-widget-wrap elementor-element-populated\">\n\t\t\t\t\t\t<div class=\"elementor-element elementor-element-5187b07 elementor-widget elementor-widget-image\" data-id=\"5187b07\" data-element_type=\"widget\" data-widget_type=\"image.default\">\n\t\t\t\t<div class=\"elementor-widget-container\">\n\t\t\t\t\t\t\t\t\t\t\t\t\t\t\t<img fetchpriority=\"high\" decoding=\"async\" width=\"785\" height=\"1024\" src=\"https:\/\/4cr.com\/wp-content\/uploads\/2023\/10\/4cr-product-v2-785x1024.png\" class=\"attachment-large size-large wp-image-24315\" alt=\"\" srcset=\"https:\/\/4cr.com\/wp-content\/uploads\/2023\/10\/4cr-product-v2-785x1024.png 785w, https:\/\/4cr.com\/wp-content\/uploads\/2023\/10\/4cr-product-v2-230x300.png 230w, https:\/\/4cr.com\/wp-content\/uploads\/2023\/10\/4cr-product-v2-768x1001.png 768w, https:\/\/4cr.com\/wp-content\/uploads\/2023\/10\/4cr-product-v2-300x391.png 300w, https:\/\/4cr.com\/wp-content\/uploads\/2023\/10\/4cr-product-v2-600x782.png 600w, https:\/\/4cr.com\/wp-content\/uploads\/2023\/10\/4cr-product-v2.png 1000w\" sizes=\"(max-width: 785px) 100vw, 785px\" \/>\t\t\t\t\t\t\t\t\t\t\t\t\t\t\t<\/div>\n\t\t\t\t<\/div>\n\t\t\t\t\t<\/div>\n\t\t<\/div>\n\t\t\t\t\t<\/div>\n\t\t<\/section>\n\t\t\t\t<\/div>\n\t\t","protected":false},"excerpt":{"rendered":"<p>Die Europ\u00e4ische Union hat eine neue Regelung erlassen, die die Verwendung von Produkten mit mehr als 0,1 % monomeren Diisocyanaten betrifft. Diese neuen Vorschriften gelten f\u00fcr Artikel wie Polyurethanklebstoffe, Dichtstoffe, Gie\u00dfharze, Beschichtungsmaterialien und \u00e4hnliche Produkte. Alle betroffenen Artikel m\u00fcssen einen entsprechenden Hinweis zur verpflichtenden Schulung auf ihrem Etikett tragen. Das Hauptziel besteht darin, potenzielle Haut- [&hellip;]<\/p>\n","protected":false},"author":1,"featured_media":14644,"parent":0,"menu_order":0,"comment_status":"closed","ping_status":"closed","template":"page-full-width.php","meta":{"inline_featured_image":false,"footnotes":""},"class_list":["post-24323","page","type-page","status-publish","has-post-thumbnail","hentry"],"yoast_head":"<!-- This site is optimized with the Yoast SEO Premium plugin v18.3 (Yoast SEO v26.8) - https:\/\/yoast.com\/product\/yoast-seo-premium-wordpress\/ -->\n<title>Verpflichtende Schulung f\u00fcr Produkte - 4CR<\/title>\n<meta name=\"robots\" content=\"index, follow, max-snippet:-1, max-image-preview:large, max-video-preview:-1\" \/>\n<link rel=\"canonical\" href=\"https:\/\/4cr.com\/de\/mandatory-training\/\" \/>\n<meta property=\"og:locale\" content=\"de_DE\" \/>\n<meta property=\"og:type\" content=\"article\" \/>\n<meta property=\"og:title\" content=\"Verpflichtende Schulung f\u00fcr Produkte, die Diisocyanate enthalten, und deren Anwendung\" \/>\n<meta property=\"og:description\" content=\"Die Europ\u00e4ische Union hat eine neue Regelung erlassen, die die Verwendung von Produkten mit mehr als 0,1 % monomeren Diisocyanaten betrifft. Diese neuen Vorschriften gelten f\u00fcr Artikel wie Polyurethanklebstoffe, Dichtstoffe, Gie\u00dfharze, Beschichtungsmaterialien und \u00e4hnliche Produkte. Alle betroffenen Artikel m\u00fcssen einen entsprechenden Hinweis zur verpflichtenden Schulung auf ihrem Etikett tragen. Das Hauptziel besteht darin, potenzielle Haut- [&hellip;]\" \/>\n<meta property=\"og:url\" content=\"https:\/\/4cr.com\/de\/mandatory-training\/\" \/>\n<meta property=\"og:site_name\" content=\"4CR\" \/>\n<meta property=\"article:publisher\" content=\"https:\/\/www.facebook.com\/4CRcarrefinish\" \/>\n<meta property=\"article:modified_time\" content=\"2023-10-24T10:55:28+00:00\" \/>\n<meta property=\"og:image\" content=\"https:\/\/4cr.com\/wp-content\/uploads\/2022\/08\/00_Overview-Categorie-scaled.jpg\" \/>\n\t<meta property=\"og:image:width\" content=\"2560\" \/>\n\t<meta property=\"og:image:height\" content=\"1333\" \/>\n\t<meta property=\"og:image:type\" content=\"image\/jpeg\" \/>\n<meta name=\"twitter:card\" content=\"summary_large_image\" \/>\n<meta name=\"twitter:label1\" content=\"Gesch\u00e4tzte Lesezeit\" \/>\n\t<meta name=\"twitter:data1\" content=\"1\u00a0Minute\" \/>\n<script type=\"application\/ld+json\" class=\"yoast-schema-graph\">{\"@context\":\"https:\/\/schema.org\",\"@graph\":[{\"@type\":\"WebPage\",\"@id\":\"https:\/\/4cr.com\/de\/mandatory-training\/\",\"url\":\"https:\/\/4cr.com\/de\/mandatory-training\/\",\"name\":\"Verpflichtende Schulung f\u00fcr Produkte - 4CR\",\"isPartOf\":{\"@id\":\"https:\/\/4cr.com\/de\/#website\"},\"primaryImageOfPage\":{\"@id\":\"https:\/\/4cr.com\/de\/mandatory-training\/#primaryimage\"},\"image\":{\"@id\":\"https:\/\/4cr.com\/de\/mandatory-training\/#primaryimage\"},\"thumbnailUrl\":\"https:\/\/4cr.com\/wp-content\/uploads\/2022\/08\/00_Overview-Categorie-scaled.jpg\",\"datePublished\":\"2023-10-23T15:28:29+00:00\",\"dateModified\":\"2023-10-24T10:55:28+00:00\",\"breadcrumb\":{\"@id\":\"https:\/\/4cr.com\/de\/mandatory-training\/#breadcrumb\"},\"inLanguage\":\"de\",\"potentialAction\":[{\"@type\":\"ReadAction\",\"target\":[\"https:\/\/4cr.com\/de\/mandatory-training\/\"]}]},{\"@type\":\"ImageObject\",\"inLanguage\":\"de\",\"@id\":\"https:\/\/4cr.com\/de\/mandatory-training\/#primaryimage\",\"url\":\"https:\/\/4cr.com\/wp-content\/uploads\/2022\/08\/00_Overview-Categorie-scaled.jpg\",\"contentUrl\":\"https:\/\/4cr.com\/wp-content\/uploads\/2022\/08\/00_Overview-Categorie-scaled.jpg\",\"width\":2560,\"height\":1333},{\"@type\":\"BreadcrumbList\",\"@id\":\"https:\/\/4cr.com\/de\/mandatory-training\/#breadcrumb\",\"itemListElement\":[{\"@type\":\"ListItem\",\"position\":1,\"name\":\"Home\",\"item\":\"https:\/\/4cr.com\/de\/\"},{\"@type\":\"ListItem\",\"position\":2,\"name\":\"Verpflichtende Schulung f\u00fcr Produkte, die Diisocyanate enthalten, und deren Anwendung\"}]},{\"@type\":\"WebSite\",\"@id\":\"https:\/\/4cr.com\/de\/#website\",\"url\":\"https:\/\/4cr.com\/de\/\",\"name\":\"4CR | Car refinish\",\"description\":\"German quality\",\"publisher\":{\"@id\":\"https:\/\/4cr.com\/de\/#organization\"},\"potentialAction\":[{\"@type\":\"SearchAction\",\"target\":{\"@type\":\"EntryPoint\",\"urlTemplate\":\"https:\/\/4cr.com\/de\/?s={search_term_string}\"},\"query-input\":{\"@type\":\"PropertyValueSpecification\",\"valueRequired\":true,\"valueName\":\"search_term_string\"}}],\"inLanguage\":\"de\"},{\"@type\":\"Organization\",\"@id\":\"https:\/\/4cr.com\/de\/#organization\",\"name\":\"4CR | Car refinish\",\"url\":\"https:\/\/4cr.com\/de\/\",\"logo\":{\"@type\":\"ImageObject\",\"inLanguage\":\"de\",\"@id\":\"https:\/\/4cr.com\/de\/#\/schema\/logo\/image\/\",\"url\":\"https:\/\/4cr.com\/wp-content\/uploads\/2022\/10\/4CR-Logo-scaled.jpg\",\"contentUrl\":\"https:\/\/4cr.com\/wp-content\/uploads\/2022\/10\/4CR-Logo-scaled.jpg\",\"width\":2560,\"height\":2560,\"caption\":\"4CR | Car refinish\"},\"image\":{\"@id\":\"https:\/\/4cr.com\/de\/#\/schema\/logo\/image\/\"},\"sameAs\":[\"https:\/\/www.facebook.com\/4CRcarrefinish\",\"https:\/\/www.instagram.com\/4crofficial\/\",\"https:\/\/www.linkedin.com\/in\/4cr-marketing-department-231552112\/\",\"https:\/\/www.youtube.com\/channel\/UCVc5rykZMv0y7BqMCOjBo8w\"]}]}<\/script>\n<!-- \/ Yoast SEO Premium plugin. -->","yoast_head_json":{"title":"Verpflichtende Schulung f\u00fcr Produkte - 4CR","robots":{"index":"index","follow":"follow","max-snippet":"max-snippet:-1","max-image-preview":"max-image-preview:large","max-video-preview":"max-video-preview:-1"},"canonical":"https:\/\/4cr.com\/de\/mandatory-training\/","og_locale":"de_DE","og_type":"article","og_title":"Verpflichtende Schulung f\u00fcr Produkte, die Diisocyanate enthalten, und deren Anwendung","og_description":"Die Europ\u00e4ische Union hat eine neue Regelung erlassen, die die Verwendung von Produkten mit mehr als 0,1 % monomeren Diisocyanaten betrifft. Diese neuen Vorschriften gelten f\u00fcr Artikel wie Polyurethanklebstoffe, Dichtstoffe, Gie\u00dfharze, Beschichtungsmaterialien und \u00e4hnliche Produkte. Alle betroffenen Artikel m\u00fcssen einen entsprechenden Hinweis zur verpflichtenden Schulung auf ihrem Etikett tragen. Das Hauptziel besteht darin, potenzielle Haut- [&hellip;]","og_url":"https:\/\/4cr.com\/de\/mandatory-training\/","og_site_name":"4CR","article_publisher":"https:\/\/www.facebook.com\/4CRcarrefinish","article_modified_time":"2023-10-24T10:55:28+00:00","og_image":[{"width":2560,"height":1333,"url":"https:\/\/4cr.com\/wp-content\/uploads\/2022\/08\/00_Overview-Categorie-scaled.jpg","type":"image\/jpeg"}],"twitter_card":"summary_large_image","twitter_misc":{"Gesch\u00e4tzte Lesezeit":"1\u00a0Minute"},"schema":{"@context":"https:\/\/schema.org","@graph":[{"@type":"WebPage","@id":"https:\/\/4cr.com\/de\/mandatory-training\/","url":"https:\/\/4cr.com\/de\/mandatory-training\/","name":"Verpflichtende Schulung f\u00fcr Produkte - 4CR","isPartOf":{"@id":"https:\/\/4cr.com\/de\/#website"},"primaryImageOfPage":{"@id":"https:\/\/4cr.com\/de\/mandatory-training\/#primaryimage"},"image":{"@id":"https:\/\/4cr.com\/de\/mandatory-training\/#primaryimage"},"thumbnailUrl":"https:\/\/4cr.com\/wp-content\/uploads\/2022\/08\/00_Overview-Categorie-scaled.jpg","datePublished":"2023-10-23T15:28:29+00:00","dateModified":"2023-10-24T10:55:28+00:00","breadcrumb":{"@id":"https:\/\/4cr.com\/de\/mandatory-training\/#breadcrumb"},"inLanguage":"de","potentialAction":[{"@type":"ReadAction","target":["https:\/\/4cr.com\/de\/mandatory-training\/"]}]},{"@type":"ImageObject","inLanguage":"de","@id":"https:\/\/4cr.com\/de\/mandatory-training\/#primaryimage","url":"https:\/\/4cr.com\/wp-content\/uploads\/2022\/08\/00_Overview-Categorie-scaled.jpg","contentUrl":"https:\/\/4cr.com\/wp-content\/uploads\/2022\/08\/00_Overview-Categorie-scaled.jpg","width":2560,"height":1333},{"@type":"BreadcrumbList","@id":"https:\/\/4cr.com\/de\/mandatory-training\/#breadcrumb","itemListElement":[{"@type":"ListItem","position":1,"name":"Home","item":"https:\/\/4cr.com\/de\/"},{"@type":"ListItem","position":2,"name":"Verpflichtende Schulung f\u00fcr Produkte, die Diisocyanate enthalten, und deren Anwendung"}]},{"@type":"WebSite","@id":"https:\/\/4cr.com\/de\/#website","url":"https:\/\/4cr.com\/de\/","name":"4CR | Car refinish","description":"German quality","publisher":{"@id":"https:\/\/4cr.com\/de\/#organization"},"potentialAction":[{"@type":"SearchAction","target":{"@type":"EntryPoint","urlTemplate":"https:\/\/4cr.com\/de\/?s={search_term_string}"},"query-input":{"@type":"PropertyValueSpecification","valueRequired":true,"valueName":"search_term_string"}}],"inLanguage":"de"},{"@type":"Organization","@id":"https:\/\/4cr.com\/de\/#organization","name":"4CR | Car refinish","url":"https:\/\/4cr.com\/de\/","logo":{"@type":"ImageObject","inLanguage":"de","@id":"https:\/\/4cr.com\/de\/#\/schema\/logo\/image\/","url":"https:\/\/4cr.com\/wp-content\/uploads\/2022\/10\/4CR-Logo-scaled.jpg","contentUrl":"https:\/\/4cr.com\/wp-content\/uploads\/2022\/10\/4CR-Logo-scaled.jpg","width":2560,"height":2560,"caption":"4CR | Car refinish"},"image":{"@id":"https:\/\/4cr.com\/de\/#\/schema\/logo\/image\/"},"sameAs":["https:\/\/www.facebook.com\/4CRcarrefinish","https:\/\/www.instagram.com\/4crofficial\/","https:\/\/www.linkedin.com\/in\/4cr-marketing-department-231552112\/","https:\/\/www.youtube.com\/channel\/UCVc5rykZMv0y7BqMCOjBo8w"]}]}},"_links":{"self":[{"href":"https:\/\/4cr.com\/de\/wp-json\/wp\/v2\/pages\/24323","targetHints":{"allow":["GET"]}}],"collection":[{"href":"https:\/\/4cr.com\/de\/wp-json\/wp\/v2\/pages"}],"about":[{"href":"https:\/\/4cr.com\/de\/wp-json\/wp\/v2\/types\/page"}],"author":[{"embeddable":true,"href":"https:\/\/4cr.com\/de\/wp-json\/wp\/v2\/users\/1"}],"replies":[{"embeddable":true,"href":"https:\/\/4cr.com\/de\/wp-json\/wp\/v2\/comments?post=24323"}],"version-history":[{"count":7,"href":"https:\/\/4cr.com\/de\/wp-json\/wp\/v2\/pages\/24323\/revisions"}],"predecessor-version":[{"id":24330,"href":"https:\/\/4cr.com\/de\/wp-json\/wp\/v2\/pages\/24323\/revisions\/24330"}],"wp:featuredmedia":[{"embeddable":true,"href":"https:\/\/4cr.com\/de\/wp-json\/wp\/v2\/media\/14644"}],"wp:attachment":[{"href":"https:\/\/4cr.com\/de\/wp-json\/wp\/v2\/media?parent=24323"}],"curies":[{"name":"wp","href":"https:\/\/api.w.org\/{rel}","templated":true}]}}