{"id":18222,"date":"2022-08-26T09:35:40","date_gmt":"2022-08-26T07:35:40","guid":{"rendered":"https:\/\/4crcom.c-1974.maxcluster.net\/terms-of-use-2\/"},"modified":"2022-10-03T09:33:47","modified_gmt":"2022-10-03T07:33:47","slug":"terms-of-use","status":"publish","type":"page","link":"https:\/\/4cr.com\/de\/terms-of-use\/","title":{"rendered":"AGB"},"content":{"rendered":"<p class=\"has-text-align-left\"><strong>Allgemeine Gesch\u00e4ftsbedingungen und Kundeninformationen<\/strong><\/p><div style=\"height:10px\" aria-hidden=\"true\" class=\"wp-block-spacer\"><\/div><p class=\"has-text-align-left has-text-color\" style=\"color:#ed7338\"><strong>I. Allgemeine Gesch\u00e4ftsbedingungen<\/strong><\/p><p class=\"has-text-align-left\"><strong>\u00a7 1 Grundlegende Bestimmungen<\/strong><br><strong>(1)<\/strong>\u00a0Die nachstehenden Gesch\u00e4ftsbedingungen gelten f\u00fcr alle Vertr\u00e4ge, die Sie mit uns als Anbieter (4CR International<br>GmbH u. CO KG) \u00fcber die Internetseite https:\/\/www.4CR.com\/ schlie\u00dfen. Soweit nicht anders vereinbart, wird der<br>Einbeziehung gegebenenfalls von Ihnen verwendeter eigener Bedingungen widersprochen.<br><br><strong>(2)<\/strong>\u00a0Verbraucher im Sinne der nachstehenden Regelungen ist jede nat\u00fcrliche Person, die ein Rechtsgesch\u00e4ft zu<br>Zwecken abschlie\u00dft, die \u00fcberwiegend weder ihrer gewerblichen noch ihrer selbst\u00e4ndigen beruflichen T\u00e4tigkeit<br>zugerechnet werden kann. Unternehmer ist jede nat\u00fcrliche oder juristische Person oder eine rechtsf\u00e4hige<br>Personengesellschaft, die bei Abschluss eines Rechtsgesch\u00e4fts in Aus\u00fcbung ihrer selbst\u00e4ndigen beruflichen oder<br>gewerblichen T\u00e4tigkeit handelt.<\/p><div style=\"height:10px\" aria-hidden=\"true\" class=\"wp-block-spacer\"><\/div><p class=\"has-text-align-left has-text-color\" style=\"color:#ed7338\"><strong>\u00a7 2 Zustandekommen des Vertrages<\/strong><\/p><p class=\"has-text-align-left\"><strong>(1)<\/strong>\u00a0Gegenstand des Vertrages ist der Verkauf von Waren.<br><strong>(2)<\/strong>\u00a0Bereits mit dem Einstellen des jeweiligen Produkts auf unserer Internetseite unterbreiten wir Ihnen ein<br>verbindliches Angebot zum Abschluss eines Vertrages zu den in der Artikelbeschreibung angegebenen<br>Bedingungen.<br><strong>(3)<\/strong>\u00a0Der Vertrag kommt \u00fcber das Online-Warenkorbsystem wie folgt zustande:<br>Die zum Kauf beabsichtigten Waren werden im &#8222;Warenkorb&#8220; abgelegt. \u00dcber die entsprechende Schaltfl\u00e4che in<br>der Navigationsleiste k\u00f6nnen Sie den &#8222;Warenkorb&#8220; aufrufen und dort jederzeit \u00c4nderungen vornehmen.<br>Nach Aufrufen der Seite &#8222;Kasse&#8220; und der Eingabe der pers\u00f6nlichen Daten sowie der Zahlungs- und<br>Versandbedingungen werden abschlie\u00dfend nochmals alle Bestelldaten auf der Bestell\u00fcbersichtsseite angezeigt.<br>Soweit Sie als Zahlungsart ein Sofortzahl-System (z.B. PayPal \/ PayPal Express, Amazon-Payments, Postpay,<br>Sofort) nutzen, werden Sie entweder in unserem Online-Shop auf die Bestell\u00fcbersichtsseite gef\u00fchrt oder Sie<br>werden zun\u00e4chst auf die Internetseite des Anbieters des Sofortzahl-Systems weitergeleitet.<br>Erfolgt die Weiterleitung zu dem jeweiligen Sofortzahl-System, nehmen Sie dort die entsprechende Auswahl bzw.<br>Eingabe Ihrer Daten vor. Abschlie\u00dfend werden Sie zur\u00fcck in unseren Online-Shop auf die Bestell\u00fcbersichtsseite<br>geleitet.<br>Vor Absenden der Bestellung haben Sie die M\u00f6glichkeit, hier s\u00e4mtliche Angaben nochmals zu \u00fcberpr\u00fcfen, zu<br>\u00e4ndern (auch \u00fcber die Funktion \u201ezur\u00fcck&#8220; des Internetbrowsers) bzw. den Kauf abzubrechen.<br>Mit dem Absenden der Bestellung \u00fcber die Schaltfl\u00e4che &#8222;kaufen&#8220; erkl\u00e4ren Sie rechtsverbindlich die Annahme des<br>Angebotes, wodurch der Vertrag zustande kommt.<br><strong>(4)<\/strong>\u00a0Ihre Anfragen zur Erstellung eines Angebotes sind f\u00fcr Sie unverbindlich. Wir unterbreiten Ihnen hierzu ein<br>verbindliches Angebot in Textform (z.B. per E-Mail), welches Sie innerhalb von 5 Tagen annehmen k\u00f6nnen.<br><strong>(5)<\/strong>\u00a0Die Abwicklung der Bestellung und \u00dcbermittlung aller im Zusammenhang mit dem Vertragsschluss\u00a0erforderlichen Informationen erfolgt per E-Mail zum Teil automatisiert. Sie haben deshalb sicherzustellen, dass<br>die von Ihnen bei uns hinterlegte E-Mail-Adresse zutreffend ist, der Empfang der E-Mails technisch sichergestellt<br>und insbesondere nicht durch SPAM-Filter verhindert wird.<\/p><div style=\"height:10px\" aria-hidden=\"true\" class=\"wp-block-spacer\"><\/div><p class=\"has-text-align-left has-text-color\" style=\"color:#ed7338\"><strong>\u00a7 3 Zur\u00fcckbehaltungsrecht, Eigentumsvorbehalt<\/strong><\/p><p class=\"has-text-align-left\"><strong>(1)<\/strong>\u00a0Ein Zur\u00fcckbehaltungsrecht k\u00f6nnen Sie nur aus\u00fcben, soweit es sich um Forderungen aus demselben<br>Vertragsverh\u00e4ltnis handelt.<br><strong>(2)<\/strong>\u00a0Die Ware bleibt bis zur vollst\u00e4ndigen Zahlung des Kaufpreises unser Eigentum.<br><strong>(3)<\/strong>\u00a0Sind Sie Unternehmer, gilt erg\u00e4nzend Folgendes:<br>a) Wir behalten uns das Eigentum an der Ware bis zum vollst\u00e4ndigen Ausgleich aller Forderungen aus der<br>laufenden Gesch\u00e4ftsbeziehung vor. Vor \u00dcbergang des Eigentums an der Vorbehaltsware ist eine Verpf\u00e4ndung<br>oder Sicherheits\u00fcbereignung nicht zul\u00e4ssig.<br>b) Sie k\u00f6nnen die Ware im ordentlichen Gesch\u00e4ftsgang weiterverkaufen. F\u00fcr diesen Fall treten Sie bereits jetzt<br>alle Forderungen in H\u00f6he des Rechnungsbetrages, die Ihnen aus dem Weiterverkauf erwachsen, an uns ab, wir<br>nehmen die Abtretung an. Sie sind weiter zur Einziehung der Forderung erm\u00e4chtigt. Soweit Sie Ihren<br>Zahlungsverpflichtungen nicht ordnungsgem\u00e4\u00df nachkommen, behalten wir uns allerdings vor, die Forderung<br>selbst einzuziehen.<br>c) Bei Verbindung und Vermischung der Vorbehaltsware erwerben wir Miteigentum an der neuen Sache im<br>Verh\u00e4ltnis des Rechnungswertes der Vorbehaltsware zu den anderen verarbeiteten Gegenst\u00e4nden zum<br>Zeitpunkt der Verarbeitung.<br>d) Wir verpflichten uns, die uns zustehenden Sicherheiten auf Ihr Verlangen insoweit freizugeben, als der<br>realisierbare Wert unserer Sicherheiten die zu sichernde Forderung um mehr als 10% \u00fcbersteigt. Die Auswahl<br>der freizugebenden Sicherheiten obliegt uns.<\/p><div style=\"height:10px\" aria-hidden=\"true\" class=\"wp-block-spacer\"><\/div><p class=\"has-text-align-left has-text-color\" style=\"color:#ed7338\"><strong>\u00a7 4 Gew\u00e4hrleistung<\/strong><\/p><p class=\"has-text-align-left\"><strong>(1)<\/strong>\u00a0Es bestehen die gesetzlichen M\u00e4ngelhaftungsrechte.<\/p><p class=\"has-text-align-left\"><strong>(2)<\/strong>\u00a0Als Verbraucher werden Sie gebeten, die Sache bei Lieferung umgehend auf Vollst\u00e4ndigkeit, offensichtliche<br>M\u00e4ngel und Transportsch\u00e4den zu \u00fcberpr\u00fcfen und uns sowie dem Spediteur Beanstandungen schnellstm\u00f6glich<br>mitzuteilen. Kommen Sie dem nicht nach, hat dies keine Auswirkung auf Ihre gesetzlichen<br>Gew\u00e4hrleistungsanspr\u00fcche.<\/p><p class=\"has-text-align-left\"><strong>(3)<\/strong>\u00a0Soweit Sie Unternehmer sind, gilt abweichend von den vorstehenden Gew\u00e4hrleistungsregelungen:<\/p><p><strong>a)<\/strong>\u00a0Als Beschaffenheit der Sache gelten nur unsere eigenen Angaben und die Produktbeschreibung des<br>Herstellers als vereinbart, nicht jedoch sonstige Werbung, \u00f6ffentliche Anpreisungen und \u00c4u\u00dferungen des\u00a0Herstellers.<\/p><p><strong>b)<\/strong>\u00a0Bei M\u00e4ngeln leisten wir nach unserer Wahl Gew\u00e4hr durch Nachbesserung oder Nachlieferung. Schl\u00e4gt die<br>Mangelbeseitigung fehl, k\u00f6nnen Sie nach Ihrer Wahl Minderung verlangen oder vom Vertrag zur\u00fccktreten. Die<br>M\u00e4ngelbeseitigung gilt nach erfolglosem zweiten Versuch als fehlgeschlagen, wenn sich nicht insbesondere aus<br>der Art der Sache oder des Mangels oder den sonstigen Umst\u00e4nden etwas anderes ergibt. Im Falle der<br>Nachbesserung m\u00fcssen wir nicht die erh\u00f6hten Kosten tragen, die durch die Verbringung der Ware an einen<br>anderen Ort als den Erf\u00fcllungsort entstehen, sofern die Verbringung nicht dem bestimmungsgem\u00e4\u00dfen Gebrauch<br>der Ware entspricht.<\/p><p><strong>c)<\/strong>\u00a0Die Gew\u00e4hrleistungsfrist betr\u00e4gt ein Jahr ab Ablieferung der Ware. Die Fristverk\u00fcrzung gilt nicht:<br>&#8211; f\u00fcr uns zurechenbare schuldhaft verursachte Sch\u00e4den aus der Verletzung des Lebens, des K\u00f6rpers oder der<br>Gesundheit und bei vors\u00e4tzlich oder grob fahrl\u00e4ssig verursachten sonstigen Sch\u00e4den;<\/p><p>&#8211; soweit wir den Mangel arglistig verschwiegen oder eine Garantie f\u00fcr die Beschaffenheit der Sache \u00fcbernommen<br>haben;<br><\/p><p>&#8211; bei Sachen, die entsprechend ihrer \u00fcblichen Verwendungsweise f\u00fcr ein Bauwerk verwendet worden sind und<br>dessen Mangelhaftigkeit verursacht haben;<br>&#8211; bei gesetzlichen R\u00fcckgriffsanspr\u00fcchen, die Sie im Zusammenhang mit M\u00e4ngelrechten gegen uns haben.<\/p><div style=\"height:10px\" aria-hidden=\"true\" class=\"wp-block-spacer\"><\/div><p class=\"has-text-align-left has-text-color\" style=\"color:#ed7338\">\u00a7 5 Rechtswahl, Erf\u00fcllungsort, Gerichtsstand<\/p><p class=\"has-text-align-left\"><strong>(1)<\/strong>\u00a0Es gilt deutsches Recht. Bei Verbrauchern gilt diese Rechtswahl nur, soweit hierdurch der durch zwingende<br>Bestimmungen des Rechts des Staates des gew\u00f6hnlichen Aufenthaltes des Verbrauchers gew\u00e4hrte Schutz nicht<br>entzogen wird (G\u00fcnstigkeitsprinzip).<\/p><p class=\"has-text-align-left\"><strong>(2)<\/strong>\u00a0Erf\u00fcllungsort f\u00fcr alle Leistungen aus den mit uns bestehenden Gesch\u00e4ftsbeziehungen sowie Gerichtsstand<br>ist unser Sitz, soweit Sie nicht Verbraucher, sondern Kaufmann, juristische Person des \u00f6ffentlichen Rechts oder<br>\u00f6ffentlich-rechtliches Sonderverm\u00f6gen sind. Dasselbe gilt, wenn Sie keinen allgemeinen Gerichtsstand in<br>Deutschland oder der EU haben oder der Wohnsitz oder gew\u00f6hnliche Aufenthalt im Zeitpunkt der Klageerhebung<br>nicht bekannt ist. Die Befugnis, auch das Gericht an einem anderen gesetzlichen Gerichtsstand anzurufen, bleibt<br>hiervon unber\u00fchrt.<\/p><p><strong>(3)<\/strong>\u00a0Die Bestimmungen des UN-Kaufrechts finden ausdr\u00fccklich keine Anwendung.<\/p><div style=\"height:10px\" aria-hidden=\"true\" class=\"wp-block-spacer\"><\/div><p class=\"has-text-color\" style=\"color:#ed7338\">II. Kundeninformationen<\/p><p class=\"has-text-color\" style=\"color:#ed7338\"><strong>1. Identit\u00e4t des Verk\u00e4ufers<\/strong><\/p><p>4CR International GmbH &amp; Co. KG<br>Donnerstrasse 10 b &#8211; Haus 1<br>22763 Hamburg<br>Deutschland<br>Telefon:+49 40 6960 9930<br>E-Mail:\u00a0<a href=\"mailto:info@4cr.com\">info<\/a>@admin<\/p><p><strong>Alternative Streitbeilegung:<\/strong><br>Die Europ\u00e4ische Kommission stellt eine Plattform f\u00fcr die au\u00dfergerichtliche Online-Streitbeilegung (OS-Plattform)<br>bereit, aufrufbar unter\u00a0<a href=\"https:\/\/ec.europa.eu\/odr\">https:\/\/ec.europa.eu\/odr<\/a>.<\/p><p class=\"has-text-color\" style=\"color:#ed7338\"><strong>2. Informationen zum Zustandekommen des Vertrages<\/strong><\/p><p>Die technischen Schritte zum Vertragsschluss, der Vertragsschluss selbst und die Korrekturm\u00f6glichkeiten<br>erfolgen nach Ma\u00dfgabe der Regelungen &#8222;Zustandekommen des Vertrages&#8220; unserer Allgemeinen<br>Gesch\u00e4ftsbedingungen (Teil I.).<\/p><p class=\"has-text-color\" style=\"color:#ed7338\"><strong>3. Vertragssprache, Vertragstextspeicherung<\/strong><\/p><p>3.1. Vertragssprache ist deutsch.<\/p><p>3.2. Der vollst\u00e4ndige Vertragstext wird von uns nicht gespeichert. Vor Absenden der Bestellung \u00fcber das Online &#8211;<br>Warenkorbsystem k\u00f6nnen die Vertragsdaten \u00fcber die Druckfunktion des Browsers ausgedruckt oder<br>elektronisch gesichert werden. Nach Zugang der Bestellung bei uns werden die Bestelldaten, die gesetzlich<br>vorgeschriebenen Informationen bei Fernabsatzvertr\u00e4gen und die Allgemeinen Gesch\u00e4ftsbedingungen nochmals<br>per E-Mail an Sie \u00fcbersandt.<\/p><p>3.3. Bei Angebotsanfragen au\u00dferhalb des Online-Warenkorbsystems erhalten Sie alle Vertragsdaten im Rahmen<br>eines verbindlichen Angebotes in Textform \u00fcbersandt, z.B. per E-Mail, welche Sie ausdrucken oder elektronisch<br>sichern k\u00f6nnen.<\/p><p class=\"has-text-color\" style=\"color:#ed7338\"><strong>4. Wesentliche Merkmale der Ware oder Dienstleistung<\/strong><\/p><p>Die wesentlichen Merkmale der Ware und\/oder Dienstleistung finden sich im jeweiligen Angebot.<\/p><p class=\"has-text-color\" style=\"color:#ed7338\"><strong>5. Preise und Zahlungsmodalit\u00e4ten<\/strong><\/p><p>5.1. Die in den jeweiligen Angeboten angef\u00fchrten Preise sowie die Versandkosten stellen Gesamtpreise dar. Sie<br>beinhalten alle Preisbestandteile einschlie\u00dflich aller anfallenden Steuern.<\/p><p>5.2. Die anfallenden Versandkosten sind nicht im Kaufpreis enthalten. Sie sind \u00fcber eine entsprechend<br>bezeichnete Schaltfl\u00e4che auf unserer Internetpr\u00e4senz oder im jeweiligen Angebot aufrufbar, werden im Laufe des<br>Bestellvorganges gesondert ausgewiesen und sind von Ihnen zus\u00e4tzlich zu tragen, soweit nicht die<br>versandkostenfreie Lieferung zugesagt ist.<\/p><p>5.3. Die Ihnen zur Verf\u00fcgung stehenden Zahlungsarten sind unter einer entsprechend bezeichneten Schaltfl\u00e4che<br>auf unserer Internetpr\u00e4senz oder im jeweiligen Angebot ausgewiesen.<\/p><p>5.4. Soweit bei den einzelnen Zahlungsarten nicht anders angegeben, sind die Zahlungsanspr\u00fcche aus dem<br>geschlossenen Vertrag sofort zur Zahlung f\u00e4llig.<\/p><p class=\"has-text-color\" style=\"color:#ed7338\"><strong>6. Lieferbedingungen<\/strong><\/p><p>6.1. Die Lieferbedingungen, der Liefertermin sowie gegebenenfalls bestehende Lieferbeschr\u00e4nkungen finden sich<br>unter einer entsprechend bezeichneten Schaltfl\u00e4che auf unserer Internetpr\u00e4senz oder im jeweiligen Angebot.<\/p><p>6.2. Soweit Sie Verbraucher sind ist gesetzlich geregelt, dass die Gefahr des zuf\u00e4lligen Untergangs und der<br>zuf\u00e4lligen Verschlechterung der verkauften Sache w\u00e4hrend der Versendung erst mit der \u00dcbergabe der Ware an<br>Sie \u00fcbergeht, unabh\u00e4ngig davon, ob die Versendung versichert oder unversichert erfolgt. Dies gilt nicht, wenn Sie<br>eigenst\u00e4ndig ein nicht vom Unternehmer benanntes Transportunternehmen oder eine sonst zur Ausf\u00fchrung der<br>Versendung bestimmte Person beauftragt haben.<br>Sind Sie Unternehmer, erfolgt die Lieferung und Versendung auf Ihre Gefahr.<\/p><p class=\"has-text-color\" style=\"color:#ed7338\"><strong>7. Gesetzliches M\u00e4ngelhaftungsrecht<\/strong><\/p><p>Die M\u00e4ngelhaftung richtet sich nach der Regelung &#8222;Gew\u00e4hrleistung&#8220; in unseren Allgemeinen<br>Gesch\u00e4ftsbedingungen (Teil I).<\/p><p>Diese AGB und Kundeninformationen wurden von den auf IT-Recht spezialisierten Juristen des H\u00e4ndlerbundes<br>erstellt und werden permanent auf Rechtskonformit\u00e4t gepr\u00fcft. Die H\u00e4ndlerbund Management AG garantiert f\u00fcr<br>die Rechtssicherheit der Texte und haftet im Falle von Abmahnungen. N\u00e4here Informationen dazu finden Sie<br>unter:\u00a0<a href=\"https:\/\/www.haendlerbund.de\/agb-service\" target=\"_blank\" rel=\"noreferrer noopener\">https:\/\/www.haendlerbund.de\/agb-service<\/a>.<\/p><p>letzte Aktualisierung: 07.12.2017<\/p>","protected":false},"excerpt":{"rendered":"<p>Allgemeine Gesch\u00e4ftsbedingungen und Kundeninformationen I. Allgemeine Gesch\u00e4ftsbedingungen \u00a7 1 Grundlegende Bestimmungen(1)\u00a0Die nachstehenden Gesch\u00e4ftsbedingungen gelten f\u00fcr alle Vertr\u00e4ge, die Sie mit uns als Anbieter (4CR InternationalGmbH u. CO KG) \u00fcber die Internetseite https:\/\/www.4CR.com\/ schlie\u00dfen. Soweit nicht anders vereinbart, wird derEinbeziehung gegebenenfalls von Ihnen verwendeter eigener Bedingungen widersprochen. (2)\u00a0Verbraucher im Sinne der nachstehenden Regelungen ist jede nat\u00fcrliche [&hellip;]<\/p>\n","protected":false},"author":1,"featured_media":0,"parent":0,"menu_order":0,"comment_status":"closed","ping_status":"closed","template":"","meta":{"inline_featured_image":false,"footnotes":""},"class_list":["post-18222","page","type-page","status-publish","hentry"],"yoast_head":"<!-- This site is optimized with the Yoast SEO Premium plugin v18.3 (Yoast SEO v26.8) - https:\/\/yoast.com\/product\/yoast-seo-premium-wordpress\/ -->\n<title>AGB - 4CR<\/title>\n<meta name=\"robots\" content=\"index, follow, max-snippet:-1, max-image-preview:large, max-video-preview:-1\" \/>\n<link rel=\"canonical\" href=\"https:\/\/4cr.com\/de\/terms-of-use\/\" \/>\n<meta property=\"og:locale\" content=\"de_DE\" \/>\n<meta property=\"og:type\" content=\"article\" \/>\n<meta property=\"og:title\" content=\"AGB\" \/>\n<meta property=\"og:description\" content=\"Allgemeine Gesch\u00e4ftsbedingungen und Kundeninformationen I. Allgemeine Gesch\u00e4ftsbedingungen \u00a7 1 Grundlegende Bestimmungen(1)\u00a0Die nachstehenden Gesch\u00e4ftsbedingungen gelten f\u00fcr alle Vertr\u00e4ge, die Sie mit uns als Anbieter (4CR InternationalGmbH u. CO KG) \u00fcber die Internetseite https:\/\/www.4CR.com\/ schlie\u00dfen. Soweit nicht anders vereinbart, wird derEinbeziehung gegebenenfalls von Ihnen verwendeter eigener Bedingungen widersprochen. (2)\u00a0Verbraucher im Sinne der nachstehenden Regelungen ist jede nat\u00fcrliche [&hellip;]\" \/>\n<meta property=\"og:url\" content=\"https:\/\/4cr.com\/de\/terms-of-use\/\" \/>\n<meta property=\"og:site_name\" content=\"4CR\" \/>\n<meta property=\"article:publisher\" content=\"https:\/\/www.facebook.com\/4CRcarrefinish\" \/>\n<meta property=\"article:modified_time\" content=\"2022-10-03T07:33:47+00:00\" \/>\n<meta name=\"twitter:card\" content=\"summary_large_image\" \/>\n<meta name=\"twitter:label1\" content=\"Gesch\u00e4tzte Lesezeit\" \/>\n\t<meta name=\"twitter:data1\" content=\"7\u00a0Minuten\" \/>\n<script type=\"application\/ld+json\" class=\"yoast-schema-graph\">{\"@context\":\"https:\/\/schema.org\",\"@graph\":[{\"@type\":\"WebPage\",\"@id\":\"https:\/\/4cr.com\/de\/terms-of-use\/\",\"url\":\"https:\/\/4cr.com\/de\/terms-of-use\/\",\"name\":\"AGB - 4CR\",\"isPartOf\":{\"@id\":\"https:\/\/4cr.com\/de\/#website\"},\"datePublished\":\"2022-08-26T07:35:40+00:00\",\"dateModified\":\"2022-10-03T07:33:47+00:00\",\"breadcrumb\":{\"@id\":\"https:\/\/4cr.com\/de\/terms-of-use\/#breadcrumb\"},\"inLanguage\":\"de\",\"potentialAction\":[{\"@type\":\"ReadAction\",\"target\":[\"https:\/\/4cr.com\/de\/terms-of-use\/\"]}]},{\"@type\":\"BreadcrumbList\",\"@id\":\"https:\/\/4cr.com\/de\/terms-of-use\/#breadcrumb\",\"itemListElement\":[{\"@type\":\"ListItem\",\"position\":1,\"name\":\"Home\",\"item\":\"https:\/\/4cr.com\/de\/\"},{\"@type\":\"ListItem\",\"position\":2,\"name\":\"AGB\"}]},{\"@type\":\"WebSite\",\"@id\":\"https:\/\/4cr.com\/de\/#website\",\"url\":\"https:\/\/4cr.com\/de\/\",\"name\":\"4CR | Car refinish\",\"description\":\"German quality\",\"publisher\":{\"@id\":\"https:\/\/4cr.com\/de\/#organization\"},\"potentialAction\":[{\"@type\":\"SearchAction\",\"target\":{\"@type\":\"EntryPoint\",\"urlTemplate\":\"https:\/\/4cr.com\/de\/?s={search_term_string}\"},\"query-input\":{\"@type\":\"PropertyValueSpecification\",\"valueRequired\":true,\"valueName\":\"search_term_string\"}}],\"inLanguage\":\"de\"},{\"@type\":\"Organization\",\"@id\":\"https:\/\/4cr.com\/de\/#organization\",\"name\":\"4CR | Car refinish\",\"url\":\"https:\/\/4cr.com\/de\/\",\"logo\":{\"@type\":\"ImageObject\",\"inLanguage\":\"de\",\"@id\":\"https:\/\/4cr.com\/de\/#\/schema\/logo\/image\/\",\"url\":\"https:\/\/4cr.com\/wp-content\/uploads\/2022\/10\/4CR-Logo-scaled.jpg\",\"contentUrl\":\"https:\/\/4cr.com\/wp-content\/uploads\/2022\/10\/4CR-Logo-scaled.jpg\",\"width\":2560,\"height\":2560,\"caption\":\"4CR | Car refinish\"},\"image\":{\"@id\":\"https:\/\/4cr.com\/de\/#\/schema\/logo\/image\/\"},\"sameAs\":[\"https:\/\/www.facebook.com\/4CRcarrefinish\",\"https:\/\/www.instagram.com\/4crofficial\/\",\"https:\/\/www.linkedin.com\/in\/4cr-marketing-department-231552112\/\",\"https:\/\/www.youtube.com\/channel\/UCVc5rykZMv0y7BqMCOjBo8w\"]}]}<\/script>\n<!-- \/ Yoast SEO Premium plugin. -->","yoast_head_json":{"title":"AGB - 4CR","robots":{"index":"index","follow":"follow","max-snippet":"max-snippet:-1","max-image-preview":"max-image-preview:large","max-video-preview":"max-video-preview:-1"},"canonical":"https:\/\/4cr.com\/de\/terms-of-use\/","og_locale":"de_DE","og_type":"article","og_title":"AGB","og_description":"Allgemeine Gesch\u00e4ftsbedingungen und Kundeninformationen I. Allgemeine Gesch\u00e4ftsbedingungen \u00a7 1 Grundlegende Bestimmungen(1)\u00a0Die nachstehenden Gesch\u00e4ftsbedingungen gelten f\u00fcr alle Vertr\u00e4ge, die Sie mit uns als Anbieter (4CR InternationalGmbH u. CO KG) \u00fcber die Internetseite https:\/\/www.4CR.com\/ schlie\u00dfen. Soweit nicht anders vereinbart, wird derEinbeziehung gegebenenfalls von Ihnen verwendeter eigener Bedingungen widersprochen. (2)\u00a0Verbraucher im Sinne der nachstehenden Regelungen ist jede nat\u00fcrliche [&hellip;]","og_url":"https:\/\/4cr.com\/de\/terms-of-use\/","og_site_name":"4CR","article_publisher":"https:\/\/www.facebook.com\/4CRcarrefinish","article_modified_time":"2022-10-03T07:33:47+00:00","twitter_card":"summary_large_image","twitter_misc":{"Gesch\u00e4tzte Lesezeit":"7\u00a0Minuten"},"schema":{"@context":"https:\/\/schema.org","@graph":[{"@type":"WebPage","@id":"https:\/\/4cr.com\/de\/terms-of-use\/","url":"https:\/\/4cr.com\/de\/terms-of-use\/","name":"AGB - 4CR","isPartOf":{"@id":"https:\/\/4cr.com\/de\/#website"},"datePublished":"2022-08-26T07:35:40+00:00","dateModified":"2022-10-03T07:33:47+00:00","breadcrumb":{"@id":"https:\/\/4cr.com\/de\/terms-of-use\/#breadcrumb"},"inLanguage":"de","potentialAction":[{"@type":"ReadAction","target":["https:\/\/4cr.com\/de\/terms-of-use\/"]}]},{"@type":"BreadcrumbList","@id":"https:\/\/4cr.com\/de\/terms-of-use\/#breadcrumb","itemListElement":[{"@type":"ListItem","position":1,"name":"Home","item":"https:\/\/4cr.com\/de\/"},{"@type":"ListItem","position":2,"name":"AGB"}]},{"@type":"WebSite","@id":"https:\/\/4cr.com\/de\/#website","url":"https:\/\/4cr.com\/de\/","name":"4CR | Car refinish","description":"German quality","publisher":{"@id":"https:\/\/4cr.com\/de\/#organization"},"potentialAction":[{"@type":"SearchAction","target":{"@type":"EntryPoint","urlTemplate":"https:\/\/4cr.com\/de\/?s={search_term_string}"},"query-input":{"@type":"PropertyValueSpecification","valueRequired":true,"valueName":"search_term_string"}}],"inLanguage":"de"},{"@type":"Organization","@id":"https:\/\/4cr.com\/de\/#organization","name":"4CR | Car refinish","url":"https:\/\/4cr.com\/de\/","logo":{"@type":"ImageObject","inLanguage":"de","@id":"https:\/\/4cr.com\/de\/#\/schema\/logo\/image\/","url":"https:\/\/4cr.com\/wp-content\/uploads\/2022\/10\/4CR-Logo-scaled.jpg","contentUrl":"https:\/\/4cr.com\/wp-content\/uploads\/2022\/10\/4CR-Logo-scaled.jpg","width":2560,"height":2560,"caption":"4CR | Car refinish"},"image":{"@id":"https:\/\/4cr.com\/de\/#\/schema\/logo\/image\/"},"sameAs":["https:\/\/www.facebook.com\/4CRcarrefinish","https:\/\/www.instagram.com\/4crofficial\/","https:\/\/www.linkedin.com\/in\/4cr-marketing-department-231552112\/","https:\/\/www.youtube.com\/channel\/UCVc5rykZMv0y7BqMCOjBo8w"]}]}},"_links":{"self":[{"href":"https:\/\/4cr.com\/de\/wp-json\/wp\/v2\/pages\/18222","targetHints":{"allow":["GET"]}}],"collection":[{"href":"https:\/\/4cr.com\/de\/wp-json\/wp\/v2\/pages"}],"about":[{"href":"https:\/\/4cr.com\/de\/wp-json\/wp\/v2\/types\/page"}],"author":[{"embeddable":true,"href":"https:\/\/4cr.com\/de\/wp-json\/wp\/v2\/users\/1"}],"replies":[{"embeddable":true,"href":"https:\/\/4cr.com\/de\/wp-json\/wp\/v2\/comments?post=18222"}],"version-history":[{"count":8,"href":"https:\/\/4cr.com\/de\/wp-json\/wp\/v2\/pages\/18222\/revisions"}],"predecessor-version":[{"id":20395,"href":"https:\/\/4cr.com\/de\/wp-json\/wp\/v2\/pages\/18222\/revisions\/20395"}],"wp:attachment":[{"href":"https:\/\/4cr.com\/de\/wp-json\/wp\/v2\/media?parent=18222"}],"curies":[{"name":"wp","href":"https:\/\/api.w.org\/{rel}","templated":true}]}}